{"id":1080,"date":"2021-11-24T15:49:39","date_gmt":"2021-11-24T20:49:39","guid":{"rendered":"https:\/\/www.polymorph.games\/foundation\/news\/?page_id=1080"},"modified":"2025-04-04T11:31:00","modified_gmt":"2025-04-04T15:31:00","slug":"faq-fr","status":"publish","type":"page","link":"https:\/\/www.polymorph.games\/foundation\/news\/fr\/faq-fr\/","title":{"rendered":"FAQ"},"content":{"rendered":"\n<h2 class=\"wp-block-heading\"><a id=\"FAQFR\"><\/a>Foire aux questions<\/h2>\n\n\n\n<p>Voici certaines des questions qui reviennent le plus souvent par rapport \u00e0 notre simulation de construction de villes m\u00e9di\u00e9vales Foundation.<\/p>\n\n\n\n<p>Si vous recherchez une assistance technique, consultez notre <a href=\"https:\/\/www.polymorph.games\/foundation\/news\/fr\/guide-de-depannage\/\"><strong>guide de d\u00e9pannage<\/strong><\/a> o\u00f9 vous trouverez les r\u00e9ponses aux probl\u00e8mes les plus courants.<\/p>\n\n\n<style>#sp-ea-994 .spcollapsing { height: 0; overflow: hidden; transition-property: height;transition-duration: 300ms;}#sp-ea-994.sp-easy-accordion>.sp-ea-single {margin-bottom: 10px; border: 1px solid #e2e2e2; }#sp-ea-994.sp-easy-accordion>.sp-ea-single>.ea-header a {color: #444;}#sp-ea-994.sp-easy-accordion>.sp-ea-single>.sp-collapse>.ea-body {background: #fff; color: #444;}#sp-ea-994.sp-easy-accordion>.sp-ea-single {background: #eee;}#sp-ea-994.sp-easy-accordion>.sp-ea-single>.ea-header a .ea-expand-icon { float: left; color: #444;font-size: 16px;}<\/style><div id=\"sp_easy_accordion-1743604313\"><div id=\"sp-ea-994\" class=\"sp-ea-one sp-easy-accordion\" data-ea-active=\"ea-click\" data-ea-mode=\"vertical\" data-preloader=\"\" data-scroll-active-item=\"\" data-offset-to-scroll=\"0\"><div class=\"ea-card ea-expand sp-ea-single\"><h3 class=\"ea-header\"><a class=\"collapsed\" id=\"ea-header-9940\" role=\"button\" data-sptoggle=\"spcollapse\" data-sptarget=\"#collapse9940\" aria-controls=\"collapse9940\" href=\"#\" aria-expanded=\"true\" tabindex=\"0\"><i aria-hidden=\"true\" role=\"presentation\" class=\"ea-expand-icon eap-icon-ea-expand-minus\"><\/i> Qu'est-ce que Foundation, exactement?<\/a><\/h3><div class=\"sp-collapse spcollapse collapsed show\" id=\"collapse9940\" data-parent=\"#sp-ea-994\" role=\"region\" aria-labelledby=\"ea-header-9940\"> <div class=\"ea-body\"><p>Foundation est un jeu de simulation de construction de ville m\u00e9di\u00e9vale sans grille, qui met l'accent sur le d\u00e9veloppement organique, la construction de monuments et la gestion des ressources.<\/p><p>Le jeu propose une gestion approfondie des ressources \u00e0 la mani\u00e8re de la s\u00e9rie Anno (Dawn of Discovery), savamment m\u00e9lang\u00e9e \u00e0 des \u00e9l\u00e9ments de construction de ville issus de Settlers, SimCity et Pharaoh, le tout agr\u00e9ment\u00e9 de rencontres narratives inspir\u00e9es de Crusader Kings II pour cr\u00e9er l'ultime simulation de fourmili\u00e8re m\u00e9di\u00e9vale.<\/p><\/div><\/div><\/div><div class=\"ea-card sp-ea-single\"><h3 class=\"ea-header\"><a class=\"collapsed\" id=\"ea-header-9941\" role=\"button\" data-sptoggle=\"spcollapse\" data-sptarget=\"#collapse9941\" aria-controls=\"collapse9941\" href=\"#\" aria-expanded=\"false\" tabindex=\"0\"><i aria-hidden=\"true\" role=\"presentation\" class=\"ea-expand-icon eap-icon-ea-expand-plus\"><\/i> Quelle est la configuration requise pour Foundation?<\/a><\/h3><div class=\"sp-collapse spcollapse \" id=\"collapse9941\" data-parent=\"#sp-ea-994\" role=\"region\" aria-labelledby=\"ea-header-9941\"> <div class=\"ea-body\"><p><strong>Minimale<\/strong><\/p><ul><li>Syst\u00e8me d'exploitation et processeur 64 bits n\u00e9cessaires<\/li><li>Syst\u00e8me d'exploitation : Windows 10<\/li><li>Processeur : Intel Core i5-4460<\/li><li>M\u00e9moire vive : 8 GB de m\u00e9moire<\/li><li>Graphiques : GTX 960 \/ R9 290 - 3 GB Video<\/li><li>Notes suppl\u00e9mentaires : OpenGL 4.3<\/li><\/ul><p><strong>Recommand\u00e9e<\/strong><\/p><ul><li>Syst\u00e8me d'exploitation et processeur 64 bits n\u00e9cessaires<\/li><li>Syst\u00e8me d'exploitation : Windows 10<\/li><li>Processeur : Intel Core i7-6700K<\/li><li>M\u00e9moire vive : 16 GB de m\u00e9moire<\/li><li>Graphiques : RTX 2060<\/li><\/ul><p><strong>Astuce<\/strong> : vous pouvez comparer votre installation avec les configurations minimale ou recommand\u00e9e avec l'aide d'un tel comme <a href=\"https:\/\/www.videocardbenchmark.net\/\" target=\"_blank\" rel=\"noopener\">https:\/\/www.videocardbenchmark.net\/<\/a>.<\/p><\/div><\/div><\/div><div class=\"ea-card sp-ea-single\"><h3 class=\"ea-header\"><a class=\"collapsed\" id=\"ea-header-9942\" role=\"button\" data-sptoggle=\"spcollapse\" data-sptarget=\"#collapse9942\" aria-controls=\"collapse9942\" href=\"#\" aria-expanded=\"false\" tabindex=\"0\"><i aria-hidden=\"true\" role=\"presentation\" class=\"ea-expand-icon eap-icon-ea-expand-plus\"><\/i> Est-ce que Foundation propose des mods?<\/a><\/h3><div class=\"sp-collapse spcollapse \" id=\"collapse9942\" data-parent=\"#sp-ea-994\" role=\"region\" aria-labelledby=\"ea-header-9942\"> <div class=\"ea-body\"><p>Oui ! Vous pouvez t\u00e9l\u00e9charger et installer des mods via le navigateur de mods int\u00e9gr\u00e9 au jeu.<\/p><p>Les mods sont h\u00e9berg\u00e9s sur <a href=\"https:\/\/mod.io\/g\/foundation\" target=\"_blank\" rel=\"noopener\">https:\/\/mod.io\/g\/foundation<\/a><\/p><p>Pour plus de d\u00e9tails sur les mods, consultez le wiki : <a class=\"\" href=\"https:\/\/www.polymorph.games\/foundation\/modding\/\" target=\"_blank\" rel=\"noopener\" data-start=\"275\" data-end=\"373\">https:\/\/www.polymorph.games\/foundation\/modding\/<\/a>.<\/p><\/div><\/div><\/div><div class=\"ea-card sp-ea-single\"><h3 class=\"ea-header\"><a class=\"collapsed\" id=\"ea-header-9943\" role=\"button\" data-sptoggle=\"spcollapse\" data-sptarget=\"#collapse9943\" aria-controls=\"collapse9943\" href=\"#\" aria-expanded=\"false\" tabindex=\"0\"><i aria-hidden=\"true\" role=\"presentation\" class=\"ea-expand-icon eap-icon-ea-expand-plus\"><\/i> O\u00f9 puis-je trouver mes sauvegardes?<\/a><\/h3><div class=\"sp-collapse spcollapse \" id=\"collapse9943\" data-parent=\"#sp-ea-994\" role=\"region\" aria-labelledby=\"ea-header-9943\"> <div class=\"ea-body\"><p><strong>R\u00e9pertoire local Steam Cloud<\/strong><\/p><p><code>\\Program Files (x86)\\Steam\\userdata\\Steam_ID\\690830\\remote\\Foundation\\Save Game<\/code><\/p><p><em>Remplacez Steam_ID par votre nom d'utilisateur Steam<\/em><\/p><p><strong>R\u00e9pertoire local GOG Galaxy<\/strong><\/p><p><code>%USERPROFILE%\\AppData\\Local\\GOG.com\\Galaxy\\Applications\\51968221750131424\\Storage\\Shared\\Files\\Foundation\\Save Game<\/code><\/p><p><strong>Sauvegardes hors-ligne<\/strong><\/p><p><code>%USERPROFILE%\\Documents\\Polymorph Games\\Foundation\\Save Game<\/code><\/p><\/div><\/div><\/div><div class=\"ea-card sp-ea-single\"><h3 class=\"ea-header\"><a class=\"collapsed\" id=\"ea-header-9944\" role=\"button\" data-sptoggle=\"spcollapse\" data-sptarget=\"#collapse9944\" aria-controls=\"collapse9944\" href=\"#\" aria-expanded=\"false\" tabindex=\"0\"><i aria-hidden=\"true\" role=\"presentation\" class=\"ea-expand-icon eap-icon-ea-expand-plus\"><\/i> Comment puis-je soumettre des rapports de bogues et\/ou crashs?<\/a><\/h3><div class=\"sp-collapse spcollapse \" id=\"collapse9944\" data-parent=\"#sp-ea-994\" role=\"region\" aria-labelledby=\"ea-header-9944\"> <div class=\"ea-body\"><p>Vous pouvez cr\u00e9er un nouveau fil de discussion pour un bug ou un crash sur notre serveur <a href=\"https:\/\/discord.com\/invite\/foundation\" target=\"_blank\" rel=\"noopener\"><strong>Discord<\/strong><\/a> officiel, sous <strong data-start=\"164\" data-end=\"192\">Foundation &gt; bug_reports<\/strong>.<\/p><p>Vous pouvez envoyer des rapports de bogue et\/ou crash en envoyant un courriel \u00e0 <strong>support@polymorph.games<\/strong>. Lorsque vous soumettez un rapport de bogue, veuillez inclure les \u00e9l\u00e9ments suivants :<\/p><ul><li>Une explication d\u00e9taill\u00e9e du bogue ou du crash<\/li><li>Les \u00e9tapes \u00e0 suivre pour reproduire le bogue ou le crash, si possible<\/li><li>Votre fichier foundation.log, situ\u00e9 par d\u00e9faut ici : C:\\Users\\USER\\Documents\\Polymorph Games\\Foundation<\/li><li>Un fichier DXDIAG qui contient vos informations mat\u00e9rielles. Marche \u00e0 suivre : Menu Windows\u00a0 &gt; tapez DXDIAG &gt; Enregistrer les informations<\/li><\/ul><p>Vous pouvez \u00e9galement envoyer vos rapports de bug\/crash par e-mail \u00e0 <strong data-start=\"739\" data-end=\"766\"><a rel=\"noopener\" data-start=\"741\" data-end=\"764\">support@polymorph.games<\/a><\/strong><\/p><\/div><\/div><\/div><div class=\"ea-card sp-ea-single\"><h3 class=\"ea-header\"><a class=\"collapsed\" id=\"ea-header-9945\" role=\"button\" data-sptoggle=\"spcollapse\" data-sptarget=\"#collapse9945\" aria-controls=\"collapse9945\" href=\"#\" aria-expanded=\"false\" tabindex=\"0\"><i aria-hidden=\"true\" role=\"presentation\" class=\"ea-expand-icon eap-icon-ea-expand-plus\"><\/i> Puis-je faire part de mes r\u00e9actions et de mes suggestions concernant Foundation?<\/a><\/h3><div class=\"sp-collapse spcollapse \" id=\"collapse9945\" data-parent=\"#sp-ea-994\" role=\"region\" aria-labelledby=\"ea-header-9945\"> <div class=\"ea-body\"><p>Oui.<\/p><p>La meilleure fa\u00e7on de proc\u00e9der est de visiter notre <a href=\"https:\/\/discord.com\/invite\/foundation\" target=\"_blank\" rel=\"noopener\"><strong>Discord<\/strong><\/a> officiel et de choisir le canal #<strong>feedback_and_suggestions channel<\/strong><\/p><\/div><\/div><\/div><div class=\"ea-card sp-ea-single\"><h3 class=\"ea-header\"><a class=\"collapsed\" id=\"ea-header-9946\" role=\"button\" data-sptoggle=\"spcollapse\" data-sptarget=\"#collapse9946\" aria-controls=\"collapse9946\" href=\"#\" aria-expanded=\"false\" tabindex=\"0\"><i aria-hidden=\"true\" role=\"presentation\" class=\"ea-expand-icon eap-icon-ea-expand-plus\"><\/i> Pourquoi mes succ\u00e8s ne se d\u00e9bloquent-ils pas?<\/a><\/h3><div class=\"sp-collapse spcollapse \" id=\"collapse9946\" data-parent=\"#sp-ea-994\" role=\"region\" aria-labelledby=\"ea-header-9946\"> <div class=\"ea-body\"><p>Si vous n'arrivez pas \u00e0 d\u00e9bloquer de succ\u00e8s en jeu, ceci est g\u00e9n\u00e9ralement li\u00e9 \u00e0 l'une des deux raisons suivantes :<\/p><ul><li>Vous avez charg\u00e9 une partie avec des mods, ce qui d\u00e9sactive automatiquement les succ\u00e8s<\/li><li>Vous avez charg\u00e9 une partie d\u00e9but\u00e9e avant la version <code>1.10<\/code><\/li><\/ul><p>Astuce : si les succ\u00e8s sont d\u00e9sactiv\u00e9s pour votre partie, un message \u00e0 cet effet s'affichera pr\u00e8s du module de qu\u00eates.<\/p><\/div><\/div><\/div><div class=\"ea-card sp-ea-single\"><h3 class=\"ea-header\"><a class=\"collapsed\" id=\"ea-header-9947\" role=\"button\" data-sptoggle=\"spcollapse\" data-sptarget=\"#collapse9947\" aria-controls=\"collapse9947\" href=\"#\" aria-expanded=\"false\" tabindex=\"0\"><i aria-hidden=\"true\" role=\"presentation\" class=\"ea-expand-icon eap-icon-ea-expand-plus\"><\/i> Quels sont certains des raccourcis les plus utiles pour Foundation?<\/a><\/h3><div class=\"sp-collapse spcollapse \" id=\"collapse9947\" data-parent=\"#sp-ea-994\" role=\"region\" aria-labelledby=\"ea-header-9947\"> <div class=\"ea-body\"><ul><li>Conserver sa s\u00e9lection d'un b\u00e2timent ou d'une partie de b\u00e2timent : Shift + clic gauche<\/li><li>Activer ou d\u00e9sactiver les points de fixation du b\u00e2timent : T<\/li><li>Ajuster la taille du pinceau : Ctrl + molette de la souris<\/li><li>Retirer l'interface utilisateur (UI) : Ctrl + U<\/li><li>Sauvegarde rapide : Ctrl + S<\/li><li>G\u00e9rer la vitesse du jeu : +\/-<\/li><li>Pause : barre d'espace<\/li><li>Fermer toutes les fen\u00eatres : touche retour en arri\u00e8re<\/li><\/ul><\/div><\/div><\/div><div class=\"ea-card sp-ea-single\"><h3 class=\"ea-header\"><a class=\"collapsed\" id=\"ea-header-9948\" role=\"button\" data-sptoggle=\"spcollapse\" data-sptarget=\"#collapse9948\" aria-controls=\"collapse9948\" href=\"#\" aria-expanded=\"false\" tabindex=\"0\"><i aria-hidden=\"true\" role=\"presentation\" class=\"ea-expand-icon eap-icon-ea-expand-plus\"><\/i> Quand recevrai-je mes r\u00e9compenses pour Foundation ?<\/a><\/h3><div class=\"sp-collapse spcollapse \" id=\"collapse9948\" data-parent=\"#sp-ea-994\" role=\"region\" aria-labelledby=\"ea-header-9948\"> <div class=\"ea-body\"><p>Les r\u00e9compenses pour les <em>backers<\/em> seront compl\u00e9t\u00e9es \u00e0 l'approche de la sortie compl\u00e8te du jeu.<\/p><\/div><\/div><\/div><div class=\"ea-card sp-ea-single\"><h3 class=\"ea-header\"><a class=\"collapsed\" id=\"ea-header-9949\" role=\"button\" data-sptoggle=\"spcollapse\" data-sptarget=\"#collapse9949\" aria-controls=\"collapse9949\" href=\"#\" aria-expanded=\"false\" tabindex=\"0\"><i aria-hidden=\"true\" role=\"presentation\" class=\"ea-expand-icon eap-icon-ea-expand-plus\"><\/i> J'ai financ\u00e9 Foundation sur Kickstarter\/PayPal, o\u00f9 et quand puis-je obtenir ma cl\u00e9 Steam?<\/a><\/h3><div class=\"sp-collapse spcollapse \" id=\"collapse9949\" data-parent=\"#sp-ea-994\" role=\"region\" aria-labelledby=\"ea-header-9949\"> <div class=\"ea-body\"><p>Les cl\u00e9s Steam sont disponibles \u00e0 tous nos\u00a0<em>backers<\/em> par l'entremise de notre site officiel Polymorph Games \u00e0 l'adresse suivante : <a href=\"https:\/\/www.polymorph.games\/account\/\" target=\"_blank\" rel=\"noopener\">https:\/\/www.polymorph.games\/account\/<\/a><\/p><\/div><\/div><\/div><div class=\"ea-card sp-ea-single\"><h3 class=\"ea-header\"><a class=\"collapsed\" id=\"ea-header-99410\" role=\"button\" data-sptoggle=\"spcollapse\" data-sptarget=\"#collapse99410\" aria-controls=\"collapse99410\" href=\"#\" aria-expanded=\"false\" tabindex=\"0\"><i aria-hidden=\"true\" role=\"presentation\" class=\"ea-expand-icon eap-icon-ea-expand-plus\"><\/i> Foundation semble s'ex\u00e9cuter, mais je ne peux tout de m\u00eame pas jouer<\/a><\/h3><div class=\"sp-collapse spcollapse \" id=\"collapse99410\" data-parent=\"#sp-ea-994\" role=\"region\" aria-labelledby=\"ea-header-99410\"> <div class=\"ea-body\"><p>Cela est sans doute li\u00e9 \u00e0 votre logiciel antivirus ou votre pare-feu qui bloque la composante visuelle du jeu.<\/p><p>La premi\u00e8re piste de solution est d'ajouter une exception au fichier\u00a0<strong>foundation.exe<\/strong> puis de relancer le jeu.<\/p><p><a href=\"https:\/\/support.microsoft.com\/fr-fr\/windows\/ajouter-une-exclusion-%C3%A0-s%C3%A9curit%C3%A9-windows-811816c0-4dfd-af4a-47e4-c301afe13b26\" target=\"_blank\" rel=\"noopener\">Comment ajouter une exception \u00e0 Windows Defender<\/a><\/p><p><a href=\"https:\/\/www.bitdefender.fr\/consumer\/support\/answer\/26042\/\" target=\"_blank\" rel=\"noopener\">BitDefender<\/a><\/p><p><a href=\"https:\/\/service.mcafee.com\/?page=shell&amp;shell=article-view&amp;locale=fr-FR&amp;articleId=TS102056\" target=\"_blank\" rel=\"noopener\">McAfee<\/a><\/p><p>Une alternative est d'ex\u00e9cuter Foundation en tant qu'administrateur (clic droit, ex\u00e9cuter comme Administrateur).<\/p><p>R\u00e9cemment, il a \u00e9t\u00e9 port\u00e9 \u00e0 notre attention que OneDrive peut causer des probl\u00e8mes, ce qui emp\u00eache de charger le jeu.<\/p><ol><li>Ouvrez Steam<\/li><li>Clic droit sur Foundation<\/li><li>S\u00e9lectionnez Propri\u00e9t\u00e9s<\/li><li>Dans Options de d\u00e9marrage, entrez la commande suivante :<\/li><\/ol><p><code>-userpath c:\\Foundationdata<\/code> (ou n'importe quel autre endroit sur votre PC o\u00f9 seront stock\u00e9s les fichiers)<\/p><p><img loading=\"lazy\" decoding=\"async\" class=\"alignnone size-full wp-image-1247\" src=\"https:\/\/www.polymorph.games\/foundation\/news\/wp-content\/uploads\/2022\/01\/Launch-Options.png\" alt=\"\" width=\"834\" height=\"594\" srcset=\"https:\/\/www.polymorph.games\/foundation\/news\/wp-content\/uploads\/2022\/01\/Launch-Options.png 834w, https:\/\/www.polymorph.games\/foundation\/news\/wp-content\/uploads\/2022\/01\/Launch-Options-300x214.png 300w, https:\/\/www.polymorph.games\/foundation\/news\/wp-content\/uploads\/2022\/01\/Launch-Options-768x547.png 768w\" sizes=\"auto, (max-width: 834px) 100vw, 834px\" \/><\/p><p>Aussi, veuillez v\u00e9rifier que votre installation ne soit pas corrompue :<\/p><ol><li>Ouvrez Steam<\/li><li>Clic droit sur Foundation<\/li><li>S\u00e9lectionnez Propri\u00e9t\u00e9s<\/li><li>Clic sur Fichier locaux<\/li><li>Clic sur V\u00e9rifier l'int\u00e9gralit\u00e9 des fichiers de jeu, puis red\u00e9marrez le jeu<\/li><\/ol><\/div><\/div><\/div><div class=\"ea-card sp-ea-single\"><h3 class=\"ea-header\"><a class=\"collapsed\" id=\"ea-header-99411\" role=\"button\" data-sptoggle=\"spcollapse\" data-sptarget=\"#collapse99411\" aria-controls=\"collapse99411\" href=\"#\" aria-expanded=\"false\" tabindex=\"0\"><i aria-hidden=\"true\" role=\"presentation\" class=\"ea-expand-icon eap-icon-ea-expand-plus\"><\/i> Est-ce que Foundation est disponible sur Linux?<\/a><\/h3><div class=\"sp-collapse spcollapse \" id=\"collapse99411\" data-parent=\"#sp-ea-994\" role=\"region\" aria-labelledby=\"ea-header-99411\"> <div class=\"ea-body\"><p>M\u00eame si Linux n'est pas notre priorit\u00e9 absolue pour le moment, nous faisons l'effort de vous laisser exp\u00e9rimenter Foundation sur ce syst\u00e8me d'exploitation. Le jeu \u00e9tant toujours en cours de d\u00e9veloppement et orient\u00e9 Windows, des probl\u00e8mes peuvent survenir lorsque vous jouez sous Linux. Cela est particuli\u00e8rement vrai avec les nouvelles mises \u00e0 jour du jeu ou de Proton, l'outil de Valve (Steam) permettant de jouer \u00e0 des jeux Windows sur Linux.<\/p><\/div><\/div><\/div><div class=\"ea-card sp-ea-single\"><h3 class=\"ea-header\"><a class=\"collapsed\" id=\"ea-header-99412\" role=\"button\" data-sptoggle=\"spcollapse\" data-sptarget=\"#collapse99412\" aria-controls=\"collapse99412\" href=\"#\" aria-expanded=\"false\" tabindex=\"0\"><i aria-hidden=\"true\" role=\"presentation\" class=\"ea-expand-icon eap-icon-ea-expand-plus\"><\/i> Est-ce que Foundation est disponible sur Mac?<\/a><\/h3><div class=\"sp-collapse spcollapse \" id=\"collapse99412\" data-parent=\"#sp-ea-994\" role=\"region\" aria-labelledby=\"ea-header-99412\"> <div class=\"ea-body\"><p>Foundation n'est pas disponible sur Mac pour l'instant. Toutefois, il est possible d'y jouer avec <a href=\"https:\/\/www.nvidia.com\/fr-fr\/geforce-now\/\">GeForce Now<\/a>.<\/p><p>Vous pouvez aussi opter pour l'installation d'un \u00e9mulateur tel que Proton ou Wine, bien qu'ils ne soient pas support\u00e9s officiellement.<\/p><p>Enfin, il est possible de jouer \u00e0 des jeux Windows sur Mac gr\u00e2ce \u00e0 Boot Camp. Vous pouvez lire de plus amples d\u00e9tails <a href=\"https:\/\/support.apple.com\/fr-fr\/HT201468\">ici<\/a>.<\/p><\/div><\/div><\/div><div class=\"ea-card sp-ea-single\"><h3 class=\"ea-header\"><a class=\"collapsed\" id=\"ea-header-99413\" role=\"button\" data-sptoggle=\"spcollapse\" data-sptarget=\"#collapse99413\" aria-controls=\"collapse99413\" href=\"#\" aria-expanded=\"false\" tabindex=\"0\"><i aria-hidden=\"true\" role=\"presentation\" class=\"ea-expand-icon eap-icon-ea-expand-plus\"><\/i> Est-ce que Foundation est disponible sur consoles?<\/a><\/h3><div class=\"sp-collapse spcollapse \" id=\"collapse99413\" data-parent=\"#sp-ea-994\" role=\"region\" aria-labelledby=\"ea-header-99413\"> <div class=\"ea-body\"><p>Pas encore, nous nous concentrons sur le d\u00e9veloppement de la version Windows, mais nous examinerons les possibilit\u00e9s d'autres plateformes par la suite.<\/p><\/div><\/div><\/div><\/div><\/div>\n","protected":false},"excerpt":{"rendered":"<p>Foire aux questions Voici certaines des questions qui reviennent le plus souvent par rapport \u00e0 notre simulation de construction de villes m\u00e9di\u00e9vales Foundation. Si vous recherchez une assistance technique, consultez notre guide de d\u00e9pannage o\u00f9 vous trouverez les r\u00e9ponses aux probl\u00e8mes les plus courants.<\/p>\n","protected":false},"author":1,"featured_media":0,"parent":0,"menu_order":0,"comment_status":"closed","ping_status":"closed","template":"","meta":{"footnotes":""},"class_list":["post-1080","page","type-page","status-publish","hentry"],"_links":{"self":[{"href":"https:\/\/www.polymorph.games\/foundation\/news\/wp-json\/wp\/v2\/pages\/1080","targetHints":{"allow":["GET"]}}],"collection":[{"href":"https:\/\/www.polymorph.games\/foundation\/news\/wp-json\/wp\/v2\/pages"}],"about":[{"href":"https:\/\/www.polymorph.games\/foundation\/news\/wp-json\/wp\/v2\/types\/page"}],"author":[{"embeddable":true,"href":"https:\/\/www.polymorph.games\/foundation\/news\/wp-json\/wp\/v2\/users\/1"}],"replies":[{"embeddable":true,"href":"https:\/\/www.polymorph.games\/foundation\/news\/wp-json\/wp\/v2\/comments?post=1080"}],"version-history":[{"count":2,"href":"https:\/\/www.polymorph.games\/foundation\/news\/wp-json\/wp\/v2\/pages\/1080\/revisions"}],"predecessor-version":[{"id":2207,"href":"https:\/\/www.polymorph.games\/foundation\/news\/wp-json\/wp\/v2\/pages\/1080\/revisions\/2207"}],"wp:attachment":[{"href":"https:\/\/www.polymorph.games\/foundation\/news\/wp-json\/wp\/v2\/media?parent=1080"}],"curies":[{"name":"wp","href":"https:\/\/api.w.org\/{rel}","templated":true}]}}